{"id":243,"date":"2015-04-29T12:52:47","date_gmt":"2015-04-29T10:52:47","guid":{"rendered":"https:\/\/www.hoteleden.it\/animazione-babyplaytime-hotel-per-famiglie-ad-alba-adriatica-2\/"},"modified":"2015-04-29T12:56:44","modified_gmt":"2015-04-29T10:56:44","slug":"animation-babyplaytime","status":"publish","type":"page","link":"https:\/\/www.hoteleden.it\/fr\/animation-babyplaytime\/","title":{"rendered":"Animation Babyplaytime"},"content":{"rendered":"<p>Soleil, plages s\u00fbres, mer, jardins immenses, un paradis pour grandes et petits, \u00e7a c\u2019est l\u2019H\u00f4tel Eden. Les parents retrouvent leur espaces, les enfantes savourent en peu de libert\u00e9, tout le gents peuvent s\u2019adresser au soin de leur propres passions et en d\u00e9couvrir des autres. <strong>Nous nous prenons soin des v\u00f4tres enfants<\/strong>, en rendant v\u00f4tre vacance relaxante et amusante.<\/p>\n<p><strong>Animation dans l\u2019H\u00f4tel et chez notre plage priv\u00e9e<\/strong>, spectacles en soir\u00e9e, jeux dans la piscine et beaucoup de rire. Personnel sp\u00e9cialis\u00e9 et beaucoup d\u2019attention pour v\u00f4tres enfants.<\/p>\n<p><strong>Le service Babyplaytime est actif<\/strong><\/p>\n<ul>\n<li>De 10 :00 \u00e0 12 :30\u00a0 matin<\/li>\n<li>De 16 :00 \u00e0\u00a0 18 :30 apr\u00e8s-midi<\/li>\n<\/ul>\n<h3>Gallery<\/h3>\n<div id='gallery-1' class='gallery galleryid-227 gallery-columns-3 gallery-size-thumbnail'><figure class='gallery-item'>\n\t\t\t<div class='gallery-icon landscape'>\n\t\t\t\t<a href='https:\/\/www.hoteleden.it\/wp-content\/uploads\/2015\/04\/01.jpg' data-size=\"800x600\"><img loading=\"lazy\" decoding=\"async\" width=\"360\" height=\"270\" src=\"https:\/\/www.hoteleden.it\/wp-content\/uploads\/2015\/04\/01-360x270.jpg\" class=\"attachment-thumbnail size-thumbnail\" alt=\"\" srcset=\"https:\/\/www.hoteleden.it\/wp-content\/uploads\/2015\/04\/01-360x270.jpg 360w, https:\/\/www.hoteleden.it\/wp-content\/uploads\/2015\/04\/01-640x480.jpg 640w, https:\/\/www.hoteleden.it\/wp-content\/uploads\/2015\/04\/01.jpg 800w\" sizes=\"auto, (max-width: 360px) 100vw, 360px\" \/><\/a>\n\t\t\t<\/div><\/figure><figure class='gallery-item'>\n\t\t\t<div class='gallery-icon landscape'>\n\t\t\t\t<a href='https:\/\/www.hoteleden.it\/wp-content\/uploads\/2015\/04\/02.jpg' data-size=\"800x600\"><img loading=\"lazy\" decoding=\"async\" width=\"360\" height=\"270\" src=\"https:\/\/www.hoteleden.it\/wp-content\/uploads\/2015\/04\/02-360x270.jpg\" class=\"attachment-thumbnail size-thumbnail\" alt=\"\" srcset=\"https:\/\/www.hoteleden.it\/wp-content\/uploads\/2015\/04\/02-360x270.jpg 360w, https:\/\/www.hoteleden.it\/wp-content\/uploads\/2015\/04\/02-640x480.jpg 640w, https:\/\/www.hoteleden.it\/wp-content\/uploads\/2015\/04\/02.jpg 800w\" sizes=\"auto, (max-width: 360px) 100vw, 360px\" \/><\/a>\n\t\t\t<\/div><\/figure><figure class='gallery-item'>\n\t\t\t<div class='gallery-icon landscape'>\n\t\t\t\t<a href='https:\/\/www.hoteleden.it\/wp-content\/uploads\/2015\/04\/03.jpg' data-size=\"800x600\"><img loading=\"lazy\" decoding=\"async\" width=\"360\" height=\"270\" src=\"https:\/\/www.hoteleden.it\/wp-content\/uploads\/2015\/04\/03-360x270.jpg\" class=\"attachment-thumbnail size-thumbnail\" alt=\"\" srcset=\"https:\/\/www.hoteleden.it\/wp-content\/uploads\/2015\/04\/03-360x270.jpg 360w, https:\/\/www.hoteleden.it\/wp-content\/uploads\/2015\/04\/03-640x480.jpg 640w, https:\/\/www.hoteleden.it\/wp-content\/uploads\/2015\/04\/03.jpg 800w\" sizes=\"auto, (max-width: 360px) 100vw, 360px\" \/><\/a>\n\t\t\t<\/div><\/figure><figure class='gallery-item'>\n\t\t\t<div class='gallery-icon portrait'>\n\t\t\t\t<a href='https:\/\/www.hoteleden.it\/wp-content\/uploads\/2015\/04\/04.jpg' data-size=\"500x708\"><img loading=\"lazy\" decoding=\"async\" width=\"360\" height=\"270\" src=\"https:\/\/www.hoteleden.it\/wp-content\/uploads\/2015\/04\/04-360x270.jpg\" class=\"attachment-thumbnail size-thumbnail\" alt=\"\" \/><\/a>\n\t\t\t<\/div><\/figure><figure class='gallery-item'>\n\t\t\t<div class='gallery-icon landscape'>\n\t\t\t\t<a href='https:\/\/www.hoteleden.it\/wp-content\/uploads\/2015\/04\/05.jpg' data-size=\"591x501\"><img loading=\"lazy\" decoding=\"async\" width=\"360\" height=\"270\" src=\"https:\/\/www.hoteleden.it\/wp-content\/uploads\/2015\/04\/05-360x270.jpg\" class=\"attachment-thumbnail size-thumbnail\" alt=\"\" \/><\/a>\n\t\t\t<\/div><\/figure><figure class='gallery-item'>\n\t\t\t<div class='gallery-icon landscape'>\n\t\t\t\t<a href='https:\/\/www.hoteleden.it\/wp-content\/uploads\/2015\/04\/06.jpg' data-size=\"591x443\"><img loading=\"lazy\" decoding=\"async\" width=\"360\" height=\"270\" src=\"https:\/\/www.hoteleden.it\/wp-content\/uploads\/2015\/04\/06-360x270.jpg\" class=\"attachment-thumbnail size-thumbnail\" alt=\"\" srcset=\"https:\/\/www.hoteleden.it\/wp-content\/uploads\/2015\/04\/06-360x270.jpg 360w, https:\/\/www.hoteleden.it\/wp-content\/uploads\/2015\/04\/06.jpg 591w\" sizes=\"auto, (max-width: 360px) 100vw, 360px\" \/><\/a>\n\t\t\t<\/div><\/figure><figure class='gallery-item'>\n\t\t\t<div class='gallery-icon portrait'>\n\t\t\t\t<a href='https:\/\/www.hoteleden.it\/wp-content\/uploads\/2015\/04\/07.jpg' data-size=\"787x1050\"><img loading=\"lazy\" decoding=\"async\" width=\"360\" height=\"270\" src=\"https:\/\/www.hoteleden.it\/wp-content\/uploads\/2015\/04\/07-360x270.jpg\" class=\"attachment-thumbnail size-thumbnail\" alt=\"\" srcset=\"https:\/\/www.hoteleden.it\/wp-content\/uploads\/2015\/04\/07-360x270.jpg 360w, https:\/\/www.hoteleden.it\/wp-content\/uploads\/2015\/04\/07-640x480.jpg 640w\" sizes=\"auto, (max-width: 360px) 100vw, 360px\" \/><\/a>\n\t\t\t<\/div><\/figure><figure class='gallery-item'>\n\t\t\t<div class='gallery-icon landscape'>\n\t\t\t\t<a href='https:\/\/www.hoteleden.it\/wp-content\/uploads\/2015\/04\/08.jpg' data-size=\"787x591\"><img loading=\"lazy\" decoding=\"async\" width=\"360\" height=\"270\" src=\"https:\/\/www.hoteleden.it\/wp-content\/uploads\/2015\/04\/08-360x270.jpg\" class=\"attachment-thumbnail size-thumbnail\" alt=\"\" srcset=\"https:\/\/www.hoteleden.it\/wp-content\/uploads\/2015\/04\/08-360x270.jpg 360w, https:\/\/www.hoteleden.it\/wp-content\/uploads\/2015\/04\/08-640x480.jpg 640w, https:\/\/www.hoteleden.it\/wp-content\/uploads\/2015\/04\/08.jpg 787w\" sizes=\"auto, (max-width: 360px) 100vw, 360px\" \/><\/a>\n\t\t\t<\/div><\/figure><figure class='gallery-item'>\n\t\t\t<div class='gallery-icon landscape'>\n\t\t\t\t<a href='https:\/\/www.hoteleden.it\/wp-content\/uploads\/2015\/04\/09.jpg' data-size=\"800x600\"><img loading=\"lazy\" decoding=\"async\" width=\"360\" height=\"270\" src=\"https:\/\/www.hoteleden.it\/wp-content\/uploads\/2015\/04\/09-360x270.jpg\" class=\"attachment-thumbnail size-thumbnail\" alt=\"\" srcset=\"https:\/\/www.hoteleden.it\/wp-content\/uploads\/2015\/04\/09-360x270.jpg 360w, https:\/\/www.hoteleden.it\/wp-content\/uploads\/2015\/04\/09-640x480.jpg 640w, https:\/\/www.hoteleden.it\/wp-content\/uploads\/2015\/04\/09.jpg 800w\" sizes=\"auto, (max-width: 360px) 100vw, 360px\" \/><\/a>\n\t\t\t<\/div><\/figure><figure class='gallery-item'>\n\t\t\t<div class='gallery-icon portrait'>\n\t\t\t\t<a href='https:\/\/www.hoteleden.it\/wp-content\/uploads\/2015\/04\/10.jpg' data-size=\"500x667\"><img loading=\"lazy\" decoding=\"async\" width=\"360\" height=\"270\" src=\"https:\/\/www.hoteleden.it\/wp-content\/uploads\/2015\/04\/10-360x270.jpg\" class=\"attachment-thumbnail size-thumbnail\" alt=\"\" \/><\/a>\n\t\t\t<\/div><\/figure><figure class='gallery-item'>\n\t\t\t<div class='gallery-icon landscape'>\n\t\t\t\t<a href='https:\/\/www.hoteleden.it\/wp-content\/uploads\/2015\/04\/11.jpg' data-size=\"800x600\"><img loading=\"lazy\" decoding=\"async\" width=\"360\" height=\"270\" src=\"https:\/\/www.hoteleden.it\/wp-content\/uploads\/2015\/04\/11-360x270.jpg\" class=\"attachment-thumbnail size-thumbnail\" alt=\"\" srcset=\"https:\/\/www.hoteleden.it\/wp-content\/uploads\/2015\/04\/11-360x270.jpg 360w, https:\/\/www.hoteleden.it\/wp-content\/uploads\/2015\/04\/11-640x480.jpg 640w, https:\/\/www.hoteleden.it\/wp-content\/uploads\/2015\/04\/11.jpg 800w\" sizes=\"auto, (max-width: 360px) 100vw, 360px\" \/><\/a>\n\t\t\t<\/div><\/figure><figure class='gallery-item'>\n\t\t\t<div class='gallery-icon landscape'>\n\t\t\t\t<a href='https:\/\/www.hoteleden.it\/wp-content\/uploads\/2015\/04\/12.jpg' data-size=\"800x600\"><img loading=\"lazy\" decoding=\"async\" width=\"360\" height=\"270\" src=\"https:\/\/www.hoteleden.it\/wp-content\/uploads\/2015\/04\/12-360x270.jpg\" class=\"attachment-thumbnail size-thumbnail\" alt=\"\" srcset=\"https:\/\/www.hoteleden.it\/wp-content\/uploads\/2015\/04\/12-360x270.jpg 360w, https:\/\/www.hoteleden.it\/wp-content\/uploads\/2015\/04\/12-640x480.jpg 640w, https:\/\/www.hoteleden.it\/wp-content\/uploads\/2015\/04\/12.jpg 800w\" sizes=\"auto, (max-width: 360px) 100vw, 360px\" \/><\/a>\n\t\t\t<\/div><\/figure><figure class='gallery-item'>\n\t\t\t<div class='gallery-icon landscape'>\n\t\t\t\t<a href='https:\/\/www.hoteleden.it\/wp-content\/uploads\/2015\/04\/13.jpg' data-size=\"800x600\"><img loading=\"lazy\" decoding=\"async\" width=\"360\" height=\"270\" src=\"https:\/\/www.hoteleden.it\/wp-content\/uploads\/2015\/04\/13-360x270.jpg\" class=\"attachment-thumbnail size-thumbnail\" alt=\"\" srcset=\"https:\/\/www.hoteleden.it\/wp-content\/uploads\/2015\/04\/13-360x270.jpg 360w, https:\/\/www.hoteleden.it\/wp-content\/uploads\/2015\/04\/13-640x480.jpg 640w, https:\/\/www.hoteleden.it\/wp-content\/uploads\/2015\/04\/13.jpg 800w\" sizes=\"auto, (max-width: 360px) 100vw, 360px\" \/><\/a>\n\t\t\t<\/div><\/figure><figure class='gallery-item'>\n\t\t\t<div class='gallery-icon landscape'>\n\t\t\t\t<a href='https:\/\/www.hoteleden.it\/wp-content\/uploads\/2015\/04\/14.jpg' data-size=\"800x600\"><img loading=\"lazy\" decoding=\"async\" width=\"360\" height=\"270\" src=\"https:\/\/www.hoteleden.it\/wp-content\/uploads\/2015\/04\/14-360x270.jpg\" class=\"attachment-thumbnail size-thumbnail\" alt=\"\" srcset=\"https:\/\/www.hoteleden.it\/wp-content\/uploads\/2015\/04\/14-360x270.jpg 360w, https:\/\/www.hoteleden.it\/wp-content\/uploads\/2015\/04\/14-640x480.jpg 640w, https:\/\/www.hoteleden.it\/wp-content\/uploads\/2015\/04\/14.jpg 800w\" sizes=\"auto, (max-width: 360px) 100vw, 360px\" \/><\/a>\n\t\t\t<\/div><\/figure>\n\t\t<\/div>\n\n","protected":false},"excerpt":{"rendered":"<p>Soleil, plages s\u00fbres, mer, jardins immenses, un paradis pour grandes et petits, \u00e7a c\u2019est l\u2019H\u00f4tel Eden. Les parents retrouvent leur espaces, les enfantes savourent en peu de libert\u00e9, tout le gents peuvent s\u2019adresser au soin de leur propres passions et en d\u00e9couvrir des autres. Nous nous prenons soin des v\u00f4tres enfants, en rendant v\u00f4tre vacance [&hellip;]<\/p>\n","protected":false},"author":6,"featured_media":0,"parent":0,"menu_order":0,"comment_status":"closed","ping_status":"closed","template":"","meta":{"_acf_changed":false},"class_list":["post-243","page","type-page","status-publish","hentry"],"acf":[],"aioseo_notices":[],"_links":{"self":[{"href":"https:\/\/www.hoteleden.it\/fr\/wp-json\/wp\/v2\/pages\/243","targetHints":{"allow":["GET"]}}],"collection":[{"href":"https:\/\/www.hoteleden.it\/fr\/wp-json\/wp\/v2\/pages"}],"about":[{"href":"https:\/\/www.hoteleden.it\/fr\/wp-json\/wp\/v2\/types\/page"}],"author":[{"embeddable":true,"href":"https:\/\/www.hoteleden.it\/fr\/wp-json\/wp\/v2\/users\/6"}],"replies":[{"embeddable":true,"href":"https:\/\/www.hoteleden.it\/fr\/wp-json\/wp\/v2\/comments?post=243"}],"version-history":[{"count":0,"href":"https:\/\/www.hoteleden.it\/fr\/wp-json\/wp\/v2\/pages\/243\/revisions"}],"wp:attachment":[{"href":"https:\/\/www.hoteleden.it\/fr\/wp-json\/wp\/v2\/media?parent=243"}],"curies":[{"name":"wp","href":"https:\/\/api.w.org\/{rel}","templated":true}]}}