{"id":212,"date":"2014-04-30T11:33:33","date_gmt":"2014-04-30T09:33:33","guid":{"rendered":"https:\/\/www.hoteleden.it\/camere-confortevoli-2\/"},"modified":"2016-02-09T16:04:47","modified_gmt":"2016-02-09T15:04:47","slug":"nos-chambres","status":"publish","type":"page","link":"https:\/\/www.hoteleden.it\/fr\/nos-chambres\/","title":{"rendered":"Nos Chambres"},"content":{"rendered":"<p>Nos chambres porront vous offrir de moments de pur relax dans une ambiance intime et r\u00e9serv\u00e9e.<br \/>\n<strong>Lumineuses et accueillantes<\/strong>, elles sont \u00e9quip\u00e9es de tout type de conforts:<\/p>\n<ul>\n<li>climatisation,<\/li>\n<li>TV SAT,<\/li>\n<li>t\u00e9l\u00e9phone direct,<\/li>\n<li>minibar,<\/li>\n<li>s\u00e8che-cheveux.<\/li>\n<\/ul>\n<p><strong>Toutes les chambres donnent sur la mer.<\/strong><\/p>\n<h3>Hotel Eden<\/h3>\n<div id='gallery-1' class='gallery galleryid-68 gallery-columns-3 gallery-size-thumbnail'><figure class='gallery-item'>\n\t\t\t<div class='gallery-icon landscape'>\n\t\t\t\t<a href='https:\/\/www.hoteleden.it\/wp-content\/uploads\/2014\/04\/CAMERA-EDEN1.jpg' data-size=\"800x533\"><img loading=\"lazy\" decoding=\"async\" width=\"360\" height=\"270\" src=\"https:\/\/www.hoteleden.it\/wp-content\/uploads\/2014\/04\/CAMERA-EDEN1-360x270.jpg\" class=\"attachment-thumbnail size-thumbnail\" alt=\"\" srcset=\"https:\/\/www.hoteleden.it\/wp-content\/uploads\/2014\/04\/CAMERA-EDEN1-360x270.jpg 360w, https:\/\/www.hoteleden.it\/wp-content\/uploads\/2014\/04\/CAMERA-EDEN1-640x480.jpg 640w\" sizes=\"auto, (max-width: 360px) 100vw, 360px\" \/><\/a>\n\t\t\t<\/div><\/figure><figure class='gallery-item'>\n\t\t\t<div class='gallery-icon landscape'>\n\t\t\t\t<a href='https:\/\/www.hoteleden.it\/wp-content\/uploads\/2014\/04\/BAGNO-EDEN.jpg' data-size=\"800x531\"><img loading=\"lazy\" decoding=\"async\" width=\"360\" height=\"270\" src=\"https:\/\/www.hoteleden.it\/wp-content\/uploads\/2014\/04\/BAGNO-EDEN-360x270.jpg\" class=\"attachment-thumbnail size-thumbnail\" alt=\"\" srcset=\"https:\/\/www.hoteleden.it\/wp-content\/uploads\/2014\/04\/BAGNO-EDEN-360x270.jpg 360w, https:\/\/www.hoteleden.it\/wp-content\/uploads\/2014\/04\/BAGNO-EDEN-640x480.jpg 640w\" sizes=\"auto, (max-width: 360px) 100vw, 360px\" \/><\/a>\n\t\t\t<\/div><\/figure>\n\t\t<\/div>\n\n","protected":false},"excerpt":{"rendered":"<p>Nos chambres porront vous offrir de moments de pur relax dans une ambiance intime et r\u00e9serv\u00e9e. Lumineuses et accueillantes, elles sont \u00e9quip\u00e9es de tout type de conforts: climatisation, TV SAT, t\u00e9l\u00e9phone direct, minibar, s\u00e8che-cheveux. Toutes les chambres donnent sur la mer. Hotel Eden<\/p>\n","protected":false},"author":6,"featured_media":0,"parent":0,"menu_order":0,"comment_status":"closed","ping_status":"closed","template":"","meta":{"_acf_changed":false},"class_list":["post-212","page","type-page","status-publish","hentry"],"acf":[],"aioseo_notices":[],"_links":{"self":[{"href":"https:\/\/www.hoteleden.it\/fr\/wp-json\/wp\/v2\/pages\/212","targetHints":{"allow":["GET"]}}],"collection":[{"href":"https:\/\/www.hoteleden.it\/fr\/wp-json\/wp\/v2\/pages"}],"about":[{"href":"https:\/\/www.hoteleden.it\/fr\/wp-json\/wp\/v2\/types\/page"}],"author":[{"embeddable":true,"href":"https:\/\/www.hoteleden.it\/fr\/wp-json\/wp\/v2\/users\/6"}],"replies":[{"embeddable":true,"href":"https:\/\/www.hoteleden.it\/fr\/wp-json\/wp\/v2\/comments?post=212"}],"version-history":[{"count":0,"href":"https:\/\/www.hoteleden.it\/fr\/wp-json\/wp\/v2\/pages\/212\/revisions"}],"wp:attachment":[{"href":"https:\/\/www.hoteleden.it\/fr\/wp-json\/wp\/v2\/media?parent=212"}],"curies":[{"name":"wp","href":"https:\/\/api.w.org\/{rel}","templated":true}]}}