{"id":198,"date":"2013-07-09T12:41:08","date_gmt":"2013-07-09T12:41:08","guid":{"rendered":"https:\/\/www.hoteleden.it\/home-2\/"},"modified":"2021-08-24T11:50:37","modified_gmt":"2021-08-24T09:50:37","slug":"home","status":"publish","type":"page","link":"https:\/\/www.hoteleden.it\/fr\/","title":{"rendered":"Bienvenue cher visiteur \u00e0 l&#8217;H\u00f4tel Eden"},"content":{"rendered":"<p>Tout <strong>pr\u00e8s de la mer<\/strong>, dans le cadre magnifique de l&#8217;arri\u00e8re-pays des Abruzzes, l&#8217;<strong>H\u00f4tel Eden <\/strong>offre tous les services les plus \u00e0 l&#8217;avant-garde de l&#8217;hospitalit\u00e9 moderne.<br \/>\n<strong>Plage priv\u00e9e<\/strong>, <strong>piscine<\/strong>, vaste <strong>jardin solarium<\/strong> et relax, <strong>parc d&#8217;attractions pour les enfants<\/strong>, \u00e0 l&#8217;enti\u00e8re disposition de nos clients.<\/p>\n<div id='gallery-1' class='gallery galleryid-2 gallery-columns-3 gallery-size-thumbnail'><figure class='gallery-item'>\n\t\t\t<div class='gallery-icon landscape'>\n\t\t\t\t<a href='https:\/\/www.hoteleden.it\/wp-content\/uploads\/2013\/07\/home1.jpg' data-size=\"750x500\"><img loading=\"lazy\" decoding=\"async\" width=\"360\" height=\"270\" src=\"https:\/\/www.hoteleden.it\/wp-content\/uploads\/2013\/07\/home1-360x270.jpg\" class=\"attachment-thumbnail size-thumbnail\" alt=\"\" srcset=\"https:\/\/www.hoteleden.it\/wp-content\/uploads\/2013\/07\/home1-360x270.jpg 360w, https:\/\/www.hoteleden.it\/wp-content\/uploads\/2013\/07\/home1-640x480.jpg 640w\" sizes=\"auto, (max-width: 360px) 100vw, 360px\" \/><\/a>\n\t\t\t<\/div><\/figure><figure class='gallery-item'>\n\t\t\t<div class='gallery-icon landscape'>\n\t\t\t\t<a href='https:\/\/www.hoteleden.it\/wp-content\/uploads\/2013\/07\/home2.jpg' data-size=\"750x500\"><img loading=\"lazy\" decoding=\"async\" width=\"360\" height=\"270\" src=\"https:\/\/www.hoteleden.it\/wp-content\/uploads\/2013\/07\/home2-360x270.jpg\" class=\"attachment-thumbnail size-thumbnail\" alt=\"\" srcset=\"https:\/\/www.hoteleden.it\/wp-content\/uploads\/2013\/07\/home2-360x270.jpg 360w, https:\/\/www.hoteleden.it\/wp-content\/uploads\/2013\/07\/home2-640x480.jpg 640w\" sizes=\"auto, (max-width: 360px) 100vw, 360px\" \/><\/a>\n\t\t\t<\/div><\/figure><figure class='gallery-item'>\n\t\t\t<div class='gallery-icon landscape'>\n\t\t\t\t<a href='https:\/\/www.hoteleden.it\/wp-content\/uploads\/2013\/07\/home3.jpg' data-size=\"750x500\"><img loading=\"lazy\" decoding=\"async\" width=\"360\" height=\"270\" src=\"https:\/\/www.hoteleden.it\/wp-content\/uploads\/2013\/07\/home3-360x270.jpg\" class=\"attachment-thumbnail size-thumbnail\" alt=\"\" srcset=\"https:\/\/www.hoteleden.it\/wp-content\/uploads\/2013\/07\/home3-360x270.jpg 360w, https:\/\/www.hoteleden.it\/wp-content\/uploads\/2013\/07\/home3-640x480.jpg 640w\" sizes=\"auto, (max-width: 360px) 100vw, 360px\" \/><\/a>\n\t\t\t<\/div><\/figure>\n\t\t<\/div>\n\n<h2>&#8220;Le sourire est signe universel de bienvenue&#8221;<\/h2>\n<p><a href=\"https:\/\/www.hoteleden.it\/wp-content\/uploads\/2013\/07\/famiglia_zoom.jpg\"><img loading=\"lazy\" decoding=\"async\" class=\"alignleft wp-image-193\" src=\"https:\/\/www.hoteleden.it\/wp-content\/uploads\/2013\/07\/famiglia_zoom.jpg\" alt=\"famiglia_zoom\" width=\"239\" height=\"120\" \/><\/a>La tradition h\u00f4teli\u00e8re de la famille Ricci na\u00eet en 1954 ainsi que son premier \u00e9tablissement h\u00f4telier le long de la \u201cRiviera Romagnola\u201d, gr\u00e2ce au travail et \u00e0 l&#8217;esprit d&#8217;entrepreneur de Monsieur Terzo et Madame Rosa Ricci.<br \/>\nEnsuite, cette tradition a pu \u00eatre poursuivie ici \u00e0 <strong>Alba Adriatica<\/strong> par son fils Alfredo, qui, depuis 40 ans, avec sa femme Elde et sa propre famille g\u00e8re avec soin et amour cette oasis apaisante.<br \/>\nParticuli\u00e8rement soign\u00e9e est la cuisine, depuis toujours fleuron de l&#8217;H\u00f4tel Eden: en effet, on y sert des plats recherch\u00e9s mais en m\u00eame temps traditionnels et naturels, aux menus \u00e0 base de poisson et de viande, tout en offrant un large choix de produits frais et locaux.<br \/>\nIci \u00e0 l&#8217;H\u00f4tel Eden l&#8217;hospitalit\u00e9 est une tradition, mais surtout un plaisir&#8230;<\/p>\n<div id='gallery-2' class='gallery galleryid-2 gallery-columns-3 gallery-size-thumbnail'><figure class='gallery-item'>\n\t\t\t<div class='gallery-icon landscape'>\n\t\t\t\t<a href='https:\/\/www.hoteleden.it\/wp-content\/uploads\/2013\/07\/home4.jpg' data-size=\"750x500\"><img loading=\"lazy\" decoding=\"async\" width=\"360\" height=\"270\" src=\"https:\/\/www.hoteleden.it\/wp-content\/uploads\/2013\/07\/home4-360x270.jpg\" class=\"attachment-thumbnail size-thumbnail\" alt=\"\" srcset=\"https:\/\/www.hoteleden.it\/wp-content\/uploads\/2013\/07\/home4-360x270.jpg 360w, https:\/\/www.hoteleden.it\/wp-content\/uploads\/2013\/07\/home4-640x480.jpg 640w\" sizes=\"auto, (max-width: 360px) 100vw, 360px\" \/><\/a>\n\t\t\t<\/div><\/figure><figure class='gallery-item'>\n\t\t\t<div class='gallery-icon landscape'>\n\t\t\t\t<a href='https:\/\/www.hoteleden.it\/wp-content\/uploads\/2013\/07\/home5.jpg' data-size=\"750x500\"><img loading=\"lazy\" decoding=\"async\" width=\"360\" height=\"270\" src=\"https:\/\/www.hoteleden.it\/wp-content\/uploads\/2013\/07\/home5-360x270.jpg\" class=\"attachment-thumbnail size-thumbnail\" alt=\"\" srcset=\"https:\/\/www.hoteleden.it\/wp-content\/uploads\/2013\/07\/home5-360x270.jpg 360w, https:\/\/www.hoteleden.it\/wp-content\/uploads\/2013\/07\/home5-640x480.jpg 640w\" sizes=\"auto, (max-width: 360px) 100vw, 360px\" \/><\/a>\n\t\t\t<\/div><\/figure><figure class='gallery-item'>\n\t\t\t<div class='gallery-icon landscape'>\n\t\t\t\t<a href='https:\/\/www.hoteleden.it\/wp-content\/uploads\/2013\/07\/baby_zoom.jpg' data-size=\"800x677\"><img loading=\"lazy\" decoding=\"async\" width=\"360\" height=\"270\" src=\"https:\/\/www.hoteleden.it\/wp-content\/uploads\/2013\/07\/baby_zoom-360x270.jpg\" class=\"attachment-thumbnail size-thumbnail\" alt=\"\" srcset=\"https:\/\/www.hoteleden.it\/wp-content\/uploads\/2013\/07\/baby_zoom-360x270.jpg 360w, https:\/\/www.hoteleden.it\/wp-content\/uploads\/2013\/07\/baby_zoom-640x480.jpg 640w\" sizes=\"auto, (max-width: 360px) 100vw, 360px\" \/><\/a>\n\t\t\t<\/div><\/figure>\n\t\t<\/div>\n\n","protected":false},"excerpt":{"rendered":"<p>Tout pr\u00e8s de la mer, dans le cadre magnifique de l&#8217;arri\u00e8re-pays des Abruzzes, l&#8217;H\u00f4tel Eden offre tous les services les plus \u00e0 l&#8217;avant-garde de l&#8217;hospitalit\u00e9 moderne. Plage priv\u00e9e, piscine, vaste jardin solarium et relax, parc d&#8217;attractions pour les enfants, \u00e0 l&#8217;enti\u00e8re disposition de nos clients. &#8220;Le sourire est signe universel de bienvenue&#8221; La tradition h\u00f4teli\u00e8re [&hellip;]<\/p>\n","protected":false},"author":6,"featured_media":0,"parent":0,"menu_order":3,"comment_status":"closed","ping_status":"closed","template":"","meta":{"_acf_changed":false},"class_list":["post-198","page","type-page","status-publish","hentry"],"acf":[],"aioseo_notices":[],"_links":{"self":[{"href":"https:\/\/www.hoteleden.it\/fr\/wp-json\/wp\/v2\/pages\/198","targetHints":{"allow":["GET"]}}],"collection":[{"href":"https:\/\/www.hoteleden.it\/fr\/wp-json\/wp\/v2\/pages"}],"about":[{"href":"https:\/\/www.hoteleden.it\/fr\/wp-json\/wp\/v2\/types\/page"}],"author":[{"embeddable":true,"href":"https:\/\/www.hoteleden.it\/fr\/wp-json\/wp\/v2\/users\/6"}],"replies":[{"embeddable":true,"href":"https:\/\/www.hoteleden.it\/fr\/wp-json\/wp\/v2\/comments?post=198"}],"version-history":[{"count":0,"href":"https:\/\/www.hoteleden.it\/fr\/wp-json\/wp\/v2\/pages\/198\/revisions"}],"wp:attachment":[{"href":"https:\/\/www.hoteleden.it\/fr\/wp-json\/wp\/v2\/media?parent=198"}],"curies":[{"name":"wp","href":"https:\/\/api.w.org\/{rel}","templated":true}]}}