{"id":213,"date":"2014-04-30T11:33:33","date_gmt":"2014-04-30T09:33:33","guid":{"rendered":"https:\/\/www.hoteleden.it\/camere-confortevoli-2\/"},"modified":"2016-02-09T16:05:14","modified_gmt":"2016-02-09T15:05:14","slug":"unsere-zimmer","status":"publish","type":"page","link":"https:\/\/www.hoteleden.it\/de\/unsere-zimmer\/","title":{"rendered":"Unsere Zimmer"},"content":{"rendered":"<p>Unsere G\u00e4ste k\u00f6nnen Augenblicke der vollkommenen Entspannung in der intimen Atmosph\u00e4re unseren <strong>hellen<\/strong>, <strong>gem\u00fctlichen Zimmer<\/strong> erleben.<br \/>\nSie sind mit jeder Art von Komfort ausgestattet:<\/p>\n<ul>\n<li>Klimaanlage,<\/li>\n<li>Fernseher mit Satelliten-TV,<\/li>\n<li>Telefon mit Direktwahl,<\/li>\n<li>Frigobar,<\/li>\n<li>Haartrockner.<\/li>\n<\/ul>\n<p><strong>Alle Zimmer haben Meeresblick.<\/strong><\/p>\n<h3>Hotel Eden<\/h3>\n<div id='gallery-1' class='gallery galleryid-68 gallery-columns-3 gallery-size-thumbnail'><figure class='gallery-item'>\n\t\t\t<div class='gallery-icon landscape'>\n\t\t\t\t<a href='https:\/\/www.hoteleden.it\/wp-content\/uploads\/2014\/04\/CAMERA-EDEN1.jpg' data-size=\"800x533\"><img loading=\"lazy\" decoding=\"async\" width=\"360\" height=\"270\" src=\"https:\/\/www.hoteleden.it\/wp-content\/uploads\/2014\/04\/CAMERA-EDEN1-360x270.jpg\" class=\"attachment-thumbnail size-thumbnail\" alt=\"\" srcset=\"https:\/\/www.hoteleden.it\/wp-content\/uploads\/2014\/04\/CAMERA-EDEN1-360x270.jpg 360w, https:\/\/www.hoteleden.it\/wp-content\/uploads\/2014\/04\/CAMERA-EDEN1-640x480.jpg 640w\" sizes=\"auto, (max-width: 360px) 100vw, 360px\" \/><\/a>\n\t\t\t<\/div><\/figure><figure class='gallery-item'>\n\t\t\t<div class='gallery-icon landscape'>\n\t\t\t\t<a href='https:\/\/www.hoteleden.it\/wp-content\/uploads\/2014\/04\/BAGNO-EDEN.jpg' data-size=\"800x531\"><img loading=\"lazy\" decoding=\"async\" width=\"360\" height=\"270\" src=\"https:\/\/www.hoteleden.it\/wp-content\/uploads\/2014\/04\/BAGNO-EDEN-360x270.jpg\" class=\"attachment-thumbnail size-thumbnail\" alt=\"\" srcset=\"https:\/\/www.hoteleden.it\/wp-content\/uploads\/2014\/04\/BAGNO-EDEN-360x270.jpg 360w, https:\/\/www.hoteleden.it\/wp-content\/uploads\/2014\/04\/BAGNO-EDEN-640x480.jpg 640w\" sizes=\"auto, (max-width: 360px) 100vw, 360px\" \/><\/a>\n\t\t\t<\/div><\/figure>\n\t\t<\/div>\n\n<p>&nbsp;<\/p>\n","protected":false},"excerpt":{"rendered":"<p>Unsere G\u00e4ste k\u00f6nnen Augenblicke der vollkommenen Entspannung in der intimen Atmosph\u00e4re unseren hellen, gem\u00fctlichen Zimmer erleben. Sie sind mit jeder Art von Komfort ausgestattet: Klimaanlage, Fernseher mit Satelliten-TV, Telefon mit Direktwahl, Frigobar, Haartrockner. Alle Zimmer haben Meeresblick. Hotel Eden &nbsp;<\/p>\n","protected":false},"author":6,"featured_media":0,"parent":0,"menu_order":0,"comment_status":"closed","ping_status":"closed","template":"","meta":{"_acf_changed":false},"class_list":["post-213","page","type-page","status-publish","hentry"],"acf":[],"aioseo_notices":[],"_links":{"self":[{"href":"https:\/\/www.hoteleden.it\/de\/wp-json\/wp\/v2\/pages\/213","targetHints":{"allow":["GET"]}}],"collection":[{"href":"https:\/\/www.hoteleden.it\/de\/wp-json\/wp\/v2\/pages"}],"about":[{"href":"https:\/\/www.hoteleden.it\/de\/wp-json\/wp\/v2\/types\/page"}],"author":[{"embeddable":true,"href":"https:\/\/www.hoteleden.it\/de\/wp-json\/wp\/v2\/users\/6"}],"replies":[{"embeddable":true,"href":"https:\/\/www.hoteleden.it\/de\/wp-json\/wp\/v2\/comments?post=213"}],"version-history":[{"count":0,"href":"https:\/\/www.hoteleden.it\/de\/wp-json\/wp\/v2\/pages\/213\/revisions"}],"wp:attachment":[{"href":"https:\/\/www.hoteleden.it\/de\/wp-json\/wp\/v2\/media?parent=213"}],"curies":[{"name":"wp","href":"https:\/\/api.w.org\/{rel}","templated":true}]}}