{"id":199,"date":"2013-07-09T12:41:08","date_gmt":"2013-07-09T12:41:08","guid":{"rendered":"https:\/\/www.hoteleden.it\/home-2\/"},"modified":"2021-08-24T11:51:43","modified_gmt":"2021-08-24T09:51:43","slug":"home","status":"publish","type":"page","link":"https:\/\/www.hoteleden.it\/de\/","title":{"rendered":"Willkommen lieber Besucher bei Hotel Eden"},"content":{"rendered":"<p>Das <strong>Hotel Eden<\/strong> liegt <strong>direkt am Meer<\/strong>, umgeben vom malerischen abruzzesischen Landesinneren und bietet Ihnen die jeglichen Komfort der modernen Gastlichkeit.<br \/>\nEin <strong>Privatstrand<\/strong>, ein <strong>Schwimmbad<\/strong>, ein <strong>gro\u00dfer Garten<\/strong>, ein <strong>Solarium<\/strong> und ein Relaxraum, ein <strong>Kinderspielplatz<\/strong>,\u00a0 stehen unseren G\u00e4sten uneingeschr\u00e4nkt zur Verf\u00fcgung.<\/p>\n<div id='gallery-1' class='gallery galleryid-2 gallery-columns-3 gallery-size-thumbnail'><figure class='gallery-item'>\n\t\t\t<div class='gallery-icon landscape'>\n\t\t\t\t<a href='https:\/\/www.hoteleden.it\/wp-content\/uploads\/2013\/07\/home1.jpg' data-size=\"750x500\"><img loading=\"lazy\" decoding=\"async\" width=\"360\" height=\"270\" src=\"https:\/\/www.hoteleden.it\/wp-content\/uploads\/2013\/07\/home1-360x270.jpg\" class=\"attachment-thumbnail size-thumbnail\" alt=\"\" srcset=\"https:\/\/www.hoteleden.it\/wp-content\/uploads\/2013\/07\/home1-360x270.jpg 360w, https:\/\/www.hoteleden.it\/wp-content\/uploads\/2013\/07\/home1-640x480.jpg 640w\" sizes=\"auto, (max-width: 360px) 100vw, 360px\" \/><\/a>\n\t\t\t<\/div><\/figure><figure class='gallery-item'>\n\t\t\t<div class='gallery-icon landscape'>\n\t\t\t\t<a href='https:\/\/www.hoteleden.it\/wp-content\/uploads\/2013\/07\/home2.jpg' data-size=\"750x500\"><img loading=\"lazy\" decoding=\"async\" width=\"360\" height=\"270\" src=\"https:\/\/www.hoteleden.it\/wp-content\/uploads\/2013\/07\/home2-360x270.jpg\" class=\"attachment-thumbnail size-thumbnail\" alt=\"\" srcset=\"https:\/\/www.hoteleden.it\/wp-content\/uploads\/2013\/07\/home2-360x270.jpg 360w, https:\/\/www.hoteleden.it\/wp-content\/uploads\/2013\/07\/home2-640x480.jpg 640w\" sizes=\"auto, (max-width: 360px) 100vw, 360px\" \/><\/a>\n\t\t\t<\/div><\/figure><figure class='gallery-item'>\n\t\t\t<div class='gallery-icon landscape'>\n\t\t\t\t<a href='https:\/\/www.hoteleden.it\/wp-content\/uploads\/2013\/07\/home3.jpg' data-size=\"750x500\"><img loading=\"lazy\" decoding=\"async\" width=\"360\" height=\"270\" src=\"https:\/\/www.hoteleden.it\/wp-content\/uploads\/2013\/07\/home3-360x270.jpg\" class=\"attachment-thumbnail size-thumbnail\" alt=\"\" srcset=\"https:\/\/www.hoteleden.it\/wp-content\/uploads\/2013\/07\/home3-360x270.jpg 360w, https:\/\/www.hoteleden.it\/wp-content\/uploads\/2013\/07\/home3-640x480.jpg 640w\" sizes=\"auto, (max-width: 360px) 100vw, 360px\" \/><\/a>\n\t\t\t<\/div><\/figure>\n\t\t<\/div>\n\n<h2>&#8220;L\u00e4cheln ist der universelle Willkommensgru\u00df&#8221;<\/h2>\n<p><a href=\"https:\/\/www.hoteleden.it\/wp-content\/uploads\/2013\/07\/famiglia_zoom.jpg\"><img loading=\"lazy\" decoding=\"async\" class=\"alignleft wp-image-193\" src=\"https:\/\/www.hoteleden.it\/wp-content\/uploads\/2013\/07\/famiglia_zoom.jpg\" alt=\"famiglia_zoom\" width=\"239\" height=\"120\" \/><\/a>Die Familie Ricci kann eine bis ins Jahr 1954 zur\u00fcckliegende Tradition im Hotelwesen vorweisen. Damals entstand dank der Initiative und des Unternehmergeistes des Ehepaares Rosa und Terzo das erste Hotel der Familie Ricci an der Riviera in der Romagna.<br \/>\nDiese Tradition wurde vom Sohn Alfred hier in <strong>Alba Adriatica<\/strong> weitergef\u00fchrt, wo er seit 40 Jahren mit seiner Frau Elde und seiner Familie diese Oase des Friedens hier in Alba Adriatica mit Liebe und Umsicht leitet.<br \/>\nBesondere Aufmerksamkeit gilt der K\u00fcche, die seit je her das Aush\u00e4ngeschild des Hotels Eden ist. Die Gerichte sind von ausgesuchtem Geschmack, aber gleichzeitig auch traditionell und<br \/>\nunverfilscht, mit Men\u00fcs auf Fleisch und Fischgrundlage. Es besteht eine gro\u00dfe Auswahl an frischen, einheimischen Erzeugnissen.<br \/>\nHier im Hotel Eden ist die Gastfreundschaft nicht nur Tradition, sondern kommt aus dem Herzen&#8230;<\/p>\n<div id='gallery-2' class='gallery galleryid-2 gallery-columns-3 gallery-size-thumbnail'><figure class='gallery-item'>\n\t\t\t<div class='gallery-icon landscape'>\n\t\t\t\t<a href='https:\/\/www.hoteleden.it\/wp-content\/uploads\/2013\/07\/home4.jpg' data-size=\"750x500\"><img loading=\"lazy\" decoding=\"async\" width=\"360\" height=\"270\" src=\"https:\/\/www.hoteleden.it\/wp-content\/uploads\/2013\/07\/home4-360x270.jpg\" class=\"attachment-thumbnail size-thumbnail\" alt=\"\" srcset=\"https:\/\/www.hoteleden.it\/wp-content\/uploads\/2013\/07\/home4-360x270.jpg 360w, https:\/\/www.hoteleden.it\/wp-content\/uploads\/2013\/07\/home4-640x480.jpg 640w\" sizes=\"auto, (max-width: 360px) 100vw, 360px\" \/><\/a>\n\t\t\t<\/div><\/figure><figure class='gallery-item'>\n\t\t\t<div class='gallery-icon landscape'>\n\t\t\t\t<a href='https:\/\/www.hoteleden.it\/wp-content\/uploads\/2013\/07\/home5.jpg' data-size=\"750x500\"><img loading=\"lazy\" decoding=\"async\" width=\"360\" height=\"270\" src=\"https:\/\/www.hoteleden.it\/wp-content\/uploads\/2013\/07\/home5-360x270.jpg\" class=\"attachment-thumbnail size-thumbnail\" alt=\"\" srcset=\"https:\/\/www.hoteleden.it\/wp-content\/uploads\/2013\/07\/home5-360x270.jpg 360w, https:\/\/www.hoteleden.it\/wp-content\/uploads\/2013\/07\/home5-640x480.jpg 640w\" sizes=\"auto, (max-width: 360px) 100vw, 360px\" \/><\/a>\n\t\t\t<\/div><\/figure><figure class='gallery-item'>\n\t\t\t<div class='gallery-icon landscape'>\n\t\t\t\t<a href='https:\/\/www.hoteleden.it\/wp-content\/uploads\/2013\/07\/baby_zoom.jpg' data-size=\"800x677\"><img loading=\"lazy\" decoding=\"async\" width=\"360\" height=\"270\" src=\"https:\/\/www.hoteleden.it\/wp-content\/uploads\/2013\/07\/baby_zoom-360x270.jpg\" class=\"attachment-thumbnail size-thumbnail\" alt=\"\" srcset=\"https:\/\/www.hoteleden.it\/wp-content\/uploads\/2013\/07\/baby_zoom-360x270.jpg 360w, https:\/\/www.hoteleden.it\/wp-content\/uploads\/2013\/07\/baby_zoom-640x480.jpg 640w\" sizes=\"auto, (max-width: 360px) 100vw, 360px\" \/><\/a>\n\t\t\t<\/div><\/figure>\n\t\t<\/div>\n\n","protected":false},"excerpt":{"rendered":"<p>Das Hotel Eden liegt direkt am Meer, umgeben vom malerischen abruzzesischen Landesinneren und bietet Ihnen die jeglichen Komfort der modernen Gastlichkeit. Ein Privatstrand, ein Schwimmbad, ein gro\u00dfer Garten, ein Solarium und ein Relaxraum, ein Kinderspielplatz,\u00a0 stehen unseren G\u00e4sten uneingeschr\u00e4nkt zur Verf\u00fcgung. &#8220;L\u00e4cheln ist der universelle Willkommensgru\u00df&#8221; Die Familie Ricci kann eine bis ins Jahr 1954 [&hellip;]<\/p>\n","protected":false},"author":6,"featured_media":0,"parent":0,"menu_order":3,"comment_status":"closed","ping_status":"closed","template":"","meta":{"_acf_changed":false},"class_list":["post-199","page","type-page","status-publish","hentry"],"acf":[],"aioseo_notices":[],"_links":{"self":[{"href":"https:\/\/www.hoteleden.it\/de\/wp-json\/wp\/v2\/pages\/199","targetHints":{"allow":["GET"]}}],"collection":[{"href":"https:\/\/www.hoteleden.it\/de\/wp-json\/wp\/v2\/pages"}],"about":[{"href":"https:\/\/www.hoteleden.it\/de\/wp-json\/wp\/v2\/types\/page"}],"author":[{"embeddable":true,"href":"https:\/\/www.hoteleden.it\/de\/wp-json\/wp\/v2\/users\/6"}],"replies":[{"embeddable":true,"href":"https:\/\/www.hoteleden.it\/de\/wp-json\/wp\/v2\/comments?post=199"}],"version-history":[{"count":0,"href":"https:\/\/www.hoteleden.it\/de\/wp-json\/wp\/v2\/pages\/199\/revisions"}],"wp:attachment":[{"href":"https:\/\/www.hoteleden.it\/de\/wp-json\/wp\/v2\/media?parent=199"}],"curies":[{"name":"wp","href":"https:\/\/api.w.org\/{rel}","templated":true}]}}