{"id":177,"date":"2014-03-18T10:53:05","date_gmt":"2014-03-18T09:53:05","guid":{"rendered":"https:\/\/www.hoteleden.it\/privacy-2\/"},"modified":"2015-08-12T16:19:29","modified_gmt":"2015-08-12T14:19:29","slug":"privacy","status":"publish","type":"page","link":"https:\/\/www.hoteleden.it\/de\/privacy\/","title":{"rendered":"Privacy"},"content":{"rendered":"<p>Ihre pers\u00f6nlichen Daten, insbesondere Ihre E-Mail mit dem alleinigen Zweck der F\u00f6rderung von T\u00c4tigkeiten und Dienstleistungen des Hotels.<\/p>\n<p>Die Daten sind nicht sehr weit verbreitet und werden vertraulich behandelt und durch manuelle und \/ oder den Computer neu, und von den Spielern, was die Arbeitnehmer, sofern die Mindestgr\u00f6\u00dfe von Ma\u00dfnahmen zur Gefahrenabwehr. Zu jeder Zeit k\u00f6nnen Sie Wahrnehmung Ihrer Rechte nach Artikel 7 der genannten Verordnung (Zugang, anderung, Integration, L\u00f6schung, usw..) Senden an: <a href=\"mailto:info@hoteleden.it\" target=\"_blank\">info@hoteleden.it<\/a><\/p>\n","protected":false},"excerpt":{"rendered":"<p>Ihre pers\u00f6nlichen Daten, insbesondere Ihre E-Mail mit dem alleinigen Zweck der F\u00f6rderung von T\u00c4tigkeiten und Dienstleistungen des Hotels. Die Daten sind nicht sehr weit verbreitet und werden vertraulich behandelt und durch manuelle und \/ oder den Computer neu, und von den Spielern, was die Arbeitnehmer, sofern die Mindestgr\u00f6\u00dfe von Ma\u00dfnahmen zur Gefahrenabwehr. Zu jeder Zeit [&hellip;]<\/p>\n","protected":false},"author":6,"featured_media":0,"parent":0,"menu_order":0,"comment_status":"closed","ping_status":"closed","template":"","meta":{"_acf_changed":false},"class_list":["post-177","page","type-page","status-publish","hentry"],"acf":[],"aioseo_notices":[],"_links":{"self":[{"href":"https:\/\/www.hoteleden.it\/de\/wp-json\/wp\/v2\/pages\/177","targetHints":{"allow":["GET"]}}],"collection":[{"href":"https:\/\/www.hoteleden.it\/de\/wp-json\/wp\/v2\/pages"}],"about":[{"href":"https:\/\/www.hoteleden.it\/de\/wp-json\/wp\/v2\/types\/page"}],"author":[{"embeddable":true,"href":"https:\/\/www.hoteleden.it\/de\/wp-json\/wp\/v2\/users\/6"}],"replies":[{"embeddable":true,"href":"https:\/\/www.hoteleden.it\/de\/wp-json\/wp\/v2\/comments?post=177"}],"version-history":[{"count":0,"href":"https:\/\/www.hoteleden.it\/de\/wp-json\/wp\/v2\/pages\/177\/revisions"}],"wp:attachment":[{"href":"https:\/\/www.hoteleden.it\/de\/wp-json\/wp\/v2\/media?parent=177"}],"curies":[{"name":"wp","href":"https:\/\/api.w.org\/{rel}","templated":true}]}}